{"id":30,"date":"2025-08-03T04:19:04","date_gmt":"2025-08-03T04:19:04","guid":{"rendered":"http:\/\/littera.education\/?page_id=30"},"modified":"2025-08-13T13:28:27","modified_gmt":"2025-08-13T13:28:27","slug":"amities-philosophiques","status":"publish","type":"page","link":"https:\/\/littera.education\/?page_id=30","title":{"rendered":"Amiti\u00e9s Philosophiques"},"content":{"rendered":"\n<p>Les Amiti\u00e9s Philosophiques sont des&nbsp;<strong>moments privil\u00e9gi\u00e9s<\/strong>&nbsp;d\u2019\u00e9changes, d\u2019\u00e9coute et de prise de parole.<\/p>\n\n\n\n<p>Ce sont des groupes ouverts \u00e0 tout public o\u00f9 nous est donn\u00e9e l\u2019occasion d\u2019approcher philosophiquement toutes ces questions qui nous travaillent au quotidien : libres jusqu\u2019o\u00f9 ? Peut-on vivre sans musique ? est-il un sens \u00e0 la vie ?<\/p>\n\n\n\n<p>Nous partageons nos points de vue autour d\u2019une citation qui est projet\u00e9e \u00e0 l\u2019\u00e9cran, ensuite nous cheminons sur une citation suivante qui vient compl\u00e9ter la premi\u00e8re, ou la contredire, puis nous m\u00e9ditons autour d\u2019un tableau choisi par l\u2019animateur ou le public, et&nbsp;<strong>progressons ensemble<\/strong>&nbsp;au c\u0153ur du th\u00e8me.<\/p>\n\n\n\n<p>M\u00eame si l\u2019objectif final est propre \u00e0 chacun, chacun sera surpris de l\u2019<strong>enrichissement culturel<\/strong>&nbsp;que lui fournira le collectif.<\/p>\n\n\n\n<p>Nul n\u2019est tenu de prendre la parole, c\u2019est plut\u00f4t&nbsp;<strong>la parole qui nous prend<\/strong>.<\/p>\n\n\n\n<p>Voici notre leit-motiv :<\/p>\n\n\n\n<p>\u00ab&nbsp;<strong>Venez avec vos r\u00e9ponses, nous avons les questions<\/strong>&nbsp;\u00bb<br><\/p>\n\n\n\n<p><br>Voici les th\u00e8mes de l\u2019ann\u00e9e 2025 \/ 2026 :<\/p>\n\n\n\n<figure class=\"wp-block-image size-full\"><img loading=\"lazy\" decoding=\"async\" width=\"1920\" height=\"1005\" src=\"https:\/\/littera.education\/wp-content\/uploads\/2025\/08\/LITTERA_2026_ATELIER_PHILO_DECISIONS.jpg\" alt=\"\" class=\"wp-image-73\" srcset=\"https:\/\/littera.education\/wp-content\/uploads\/2025\/08\/LITTERA_2026_ATELIER_PHILO_DECISIONS.jpg 1920w, https:\/\/littera.education\/wp-content\/uploads\/2025\/08\/LITTERA_2026_ATELIER_PHILO_DECISIONS-300x157.jpg 300w, https:\/\/littera.education\/wp-content\/uploads\/2025\/08\/LITTERA_2026_ATELIER_PHILO_DECISIONS-1024x536.jpg 1024w\" sizes=\"auto, (max-width: 1920px) 100vw, 1920px\" \/><\/figure>\n\n\n\n<figure class=\"wp-block-image size-full\"><img loading=\"lazy\" decoding=\"async\" width=\"1920\" height=\"1005\" src=\"https:\/\/littera.education\/wp-content\/uploads\/2025\/08\/LITTERA_2026_ATELIER_PHILO_ESTIME-DE-SOI_V2.jpg\" alt=\"\" class=\"wp-image-74\" srcset=\"https:\/\/littera.education\/wp-content\/uploads\/2025\/08\/LITTERA_2026_ATELIER_PHILO_ESTIME-DE-SOI_V2.jpg 1920w, https:\/\/littera.education\/wp-content\/uploads\/2025\/08\/LITTERA_2026_ATELIER_PHILO_ESTIME-DE-SOI_V2-300x157.jpg 300w, https:\/\/littera.education\/wp-content\/uploads\/2025\/08\/LITTERA_2026_ATELIER_PHILO_ESTIME-DE-SOI_V2-1024x536.jpg 1024w\" sizes=\"auto, (max-width: 1920px) 100vw, 1920px\" \/><\/figure>\n\n\n\n<figure class=\"wp-block-image size-full\"><img loading=\"lazy\" decoding=\"async\" width=\"1920\" height=\"1005\" src=\"https:\/\/littera.education\/wp-content\/uploads\/2025\/08\/LITTERA_2026_ATELIER_PHILO_CONFIANCE_V2.jpg\" alt=\"\" class=\"wp-image-75\" srcset=\"https:\/\/littera.education\/wp-content\/uploads\/2025\/08\/LITTERA_2026_ATELIER_PHILO_CONFIANCE_V2.jpg 1920w, https:\/\/littera.education\/wp-content\/uploads\/2025\/08\/LITTERA_2026_ATELIER_PHILO_CONFIANCE_V2-300x157.jpg 300w, https:\/\/littera.education\/wp-content\/uploads\/2025\/08\/LITTERA_2026_ATELIER_PHILO_CONFIANCE_V2-1024x536.jpg 1024w\" sizes=\"auto, (max-width: 1920px) 100vw, 1920px\" \/><\/figure>\n\n\n\n<figure class=\"wp-block-image size-full\"><img loading=\"lazy\" decoding=\"async\" width=\"1920\" height=\"1005\" src=\"https:\/\/littera.education\/wp-content\/uploads\/2025\/08\/LITTERA_2026_ATELIER_PHILO_AIMER_INNOCEMMENT_V2.jpg\" alt=\"\" class=\"wp-image-76\" srcset=\"https:\/\/littera.education\/wp-content\/uploads\/2025\/08\/LITTERA_2026_ATELIER_PHILO_AIMER_INNOCEMMENT_V2.jpg 1920w, https:\/\/littera.education\/wp-content\/uploads\/2025\/08\/LITTERA_2026_ATELIER_PHILO_AIMER_INNOCEMMENT_V2-300x157.jpg 300w, https:\/\/littera.education\/wp-content\/uploads\/2025\/08\/LITTERA_2026_ATELIER_PHILO_AIMER_INNOCEMMENT_V2-1024x536.jpg 1024w\" sizes=\"auto, (max-width: 1920px) 100vw, 1920px\" \/><\/figure>\n","protected":false},"excerpt":{"rendered":"<p>Les Amiti\u00e9s Philosophiques sont des&nbsp;moments privil\u00e9gi\u00e9s&nbsp;d\u2019\u00e9changes, d\u2019\u00e9coute et de prise de parole. Ce sont des groupes ouverts \u00e0 tout public o\u00f9 nous est donn\u00e9e l\u2019occasion d\u2019approcher philosophiquement toutes ces questions qui nous travaillent au quotidien : libres jusqu\u2019o\u00f9 ? Peut-on vivre sans musique ? est-il un sens \u00e0 la vie ? Nous partageons nos points &hellip; <\/p>\n<p class=\"link-more\"><a href=\"https:\/\/littera.education\/?page_id=30\" class=\"more-link\">Lire la suite de<span class=\"screen-reader-text\">\u00ab\u00a0Amiti\u00e9s Philosophiques\u00a0\u00bb<\/span><\/a><\/p>\n","protected":false},"author":1,"featured_media":0,"parent":0,"menu_order":0,"comment_status":"closed","ping_status":"closed","template":"","meta":{"footnotes":""},"class_list":["post-30","page","type-page","status-publish","hentry"],"_links":{"self":[{"href":"https:\/\/littera.education\/index.php?rest_route=\/wp\/v2\/pages\/30","targetHints":{"allow":["GET"]}}],"collection":[{"href":"https:\/\/littera.education\/index.php?rest_route=\/wp\/v2\/pages"}],"about":[{"href":"https:\/\/littera.education\/index.php?rest_route=\/wp\/v2\/types\/page"}],"author":[{"embeddable":true,"href":"https:\/\/littera.education\/index.php?rest_route=\/wp\/v2\/users\/1"}],"replies":[{"embeddable":true,"href":"https:\/\/littera.education\/index.php?rest_route=%2Fwp%2Fv2%2Fcomments&post=30"}],"version-history":[{"count":3,"href":"https:\/\/littera.education\/index.php?rest_route=\/wp\/v2\/pages\/30\/revisions"}],"predecessor-version":[{"id":77,"href":"https:\/\/littera.education\/index.php?rest_route=\/wp\/v2\/pages\/30\/revisions\/77"}],"wp:attachment":[{"href":"https:\/\/littera.education\/index.php?rest_route=%2Fwp%2Fv2%2Fmedia&parent=30"}],"curies":[{"name":"wp","href":"https:\/\/api.w.org\/{rel}","templated":true}]}}